{"id":1056,"date":"2022-11-07T15:37:59","date_gmt":"2022-11-07T15:37:59","guid":{"rendered":"https:\/\/dualab.sojistudio.com\/?page_id=1056"},"modified":"2023-09-07T17:10:36","modified_gmt":"2023-09-07T17:10:36","slug":"sobre-nos","status":"publish","type":"page","link":"https:\/\/dualab.sojistudio.com\/en\/sobre-nos\/","title":{"rendered":"Sobre n\u00f3s"},"content":{"rendered":"<div data-elementor-type=\"wp-page\" data-elementor-id=\"1056\" class=\"elementor elementor-1056\">\n\t\t\t\t\t\t\t\t\t<section class=\"elementor-section elementor-top-section elementor-element elementor-element-134f7845 elementor-section-boxed elementor-section-height-default elementor-section-height-default\" data-id=\"134f7845\" data-element_type=\"section\">\n\t\t\t\t\t\t<div class=\"elementor-container elementor-column-gap-default\">\n\t\t\t\t\t<div class=\"elementor-column elementor-col-100 elementor-top-column elementor-element elementor-element-24ec1266\" data-id=\"24ec1266\" data-element_type=\"column\">\n\t\t\t<div class=\"elementor-widget-wrap elementor-element-populated\">\n\t\t\t\t\t\t\t\t<div class=\"elementor-element elementor-element-790fe3bb elementor-widget elementor-widget-text-editor\" data-id=\"790fe3bb\" data-element_type=\"widget\" data-widget_type=\"text-editor.default\">\n\t\t\t\t<div class=\"elementor-widget-container\">\n\t\t\t<style>\/*! elementor - v3.15.0 - 09-08-2023 *\/\n.elementor-widget-text-editor.elementor-drop-cap-view-stacked .elementor-drop-cap{background-color:#69727d;color:#fff}.elementor-widget-text-editor.elementor-drop-cap-view-framed .elementor-drop-cap{color:#69727d;border:3px solid;background-color:transparent}.elementor-widget-text-editor:not(.elementor-drop-cap-view-default) .elementor-drop-cap{margin-top:8px}.elementor-widget-text-editor:not(.elementor-drop-cap-view-default) .elementor-drop-cap-letter{width:1em;height:1em}.elementor-widget-text-editor .elementor-drop-cap{float:left;text-align:center;line-height:1;font-size:50px}.elementor-widget-text-editor .elementor-drop-cap-letter{display:inline-block}<\/style>\t\t\t\t<p class=\" translation-block\">The Urban and Environmental Dynamics Group [DUA.lab], takes a multidisciplinary view on\nthe topics its trainings and research, exploring integrated approaches that aim to achieve\nactual and advanced strategies for the problems and challenges that the built environment\ncauses to the daily lives of populations.<\/p><p class=\" translation-block\">The research areas developed by the Group are framed in the research lines existing at CIAUD, with the general aim being to contribute with innovative knowledge in the areas:\narchitecture, environment, human sciences, communication, design, and urban and regional\nplanning.<\/p>\t\t\t\t\t\t<\/div>\n\t\t\t\t<\/div>\n\t\t\t\t\t<\/div>\n\t\t<\/div>\n\t\t\t\t\t\t\t<\/div>\n\t\t<\/section>\n\t\t\t\t<section class=\"elementor-section elementor-top-section elementor-element elementor-element-ebeef1d elementor-section-height-min-height elementor-section-content-middle elementor-section-boxed elementor-section-height-default elementor-section-items-middle\" data-id=\"ebeef1d\" data-element_type=\"section\" data-settings=\"{&quot;background_background&quot;:&quot;classic&quot;}\">\n\t\t\t\t\t\t<div class=\"elementor-container elementor-column-gap-default\">\n\t\t\t\t\t<div class=\"elementor-column elementor-col-100 elementor-top-column elementor-element elementor-element-78c345b\" data-id=\"78c345b\" data-element_type=\"column\">\n\t\t\t<div class=\"elementor-widget-wrap\">\n\t\t\t\t\t\t\t\t\t<\/div>\n\t\t<\/div>\n\t\t\t\t\t\t\t<\/div>\n\t\t<\/section>\n\t\t\t\t\t\t\t<\/div>","protected":false},"excerpt":{"rendered":"<p>O Grupo de Din\u00e2micas Urbanas e Ambientais [DUA.lab], assume uma vis\u00e3o pluridisciplinar sobre os temas que estuda e investiga, explorando abordagens integradas que visam alcan\u00e7ar estrat\u00e9gias eficazes e inovadoras para os problemas e desafios que o ambiente constru\u00eddo coloca ao quotidiano das popula\u00e7\u00f5es. As \u00e1reas de investiga\u00e7\u00e3o desenvolvidas pelo Grupo encontram-se enquadradas nas linhas de &hellip;<\/p>\n<p class=\"read-more\"> <a class=\"\" href=\"https:\/\/dualab.sojistudio.com\/en\/sobre-nos\/\"> <span class=\"screen-reader-text\">Sobre n\u00f3s<\/span> Read More &raquo;<\/a><\/p>","protected":false},"author":1,"featured_media":0,"parent":0,"menu_order":0,"comment_status":"closed","ping_status":"closed","template":"","meta":{"_acf_changed":false,"_uag_custom_page_level_css":"","site-sidebar-layout":"no-sidebar","site-content-layout":"page-builder","ast-global-header-display":"","ast-main-header-display":"","ast-hfb-above-header-display":"","ast-hfb-below-header-display":"","ast-hfb-mobile-header-display":"","site-post-title":"disabled","ast-breadcrumbs-content":"","ast-featured-img":"disabled","footer-sml-layout":"","theme-transparent-header-meta":"","adv-header-id-meta":"","stick-header-meta":"","header-above-stick-meta":"","header-main-stick-meta":"","header-below-stick-meta":"","footnotes":""},"acf":[],"yoast_head":"<!-- This site is optimized with the Yoast SEO plugin v22.0 - https:\/\/yoast.com\/wordpress\/plugins\/seo\/ -->\n<title>Sobre n\u00f3s - DUA Lab<\/title>\n<meta name=\"robots\" content=\"index, follow, max-snippet:-1, max-image-preview:large, max-video-preview:-1\" \/>\n<link rel=\"canonical\" href=\"https:\/\/dualab.sojistudio.com\/en\/sobre-nos\/\" \/>\n<meta property=\"og:locale\" content=\"en_US\" \/>\n<meta property=\"og:type\" content=\"article\" \/>\n<meta property=\"og:title\" content=\"Sobre n\u00f3s - DUA Lab\" \/>\n<meta property=\"og:description\" content=\"O Grupo de Din\u00e2micas Urbanas e Ambientais [DUA.lab], assume uma vis\u00e3o pluridisciplinar sobre os temas que estuda e investiga, explorando abordagens integradas que visam alcan\u00e7ar estrat\u00e9gias eficazes e inovadoras para os problemas e desafios que o ambiente constru\u00eddo coloca ao quotidiano das popula\u00e7\u00f5es. As \u00e1reas de investiga\u00e7\u00e3o desenvolvidas pelo Grupo encontram-se enquadradas nas linhas de &hellip; Sobre n\u00f3s Read More &raquo;\" \/>\n<meta property=\"og:url\" content=\"https:\/\/dualab.sojistudio.com\/en\/sobre-nos\/\" \/>\n<meta property=\"og:site_name\" content=\"DUA Lab\" \/>\n<meta property=\"article:modified_time\" content=\"2023-09-07T17:10:36+00:00\" \/>\n<meta name=\"twitter:card\" content=\"summary_large_image\" \/>\n<script type=\"application\/ld+json\" class=\"yoast-schema-graph\">{\"@context\":\"https:\/\/schema.org\",\"@graph\":[{\"@type\":\"WebPage\",\"@id\":\"https:\/\/dualab.sojistudio.com\/sobre-nos\/\",\"url\":\"https:\/\/dualab.sojistudio.com\/sobre-nos\/\",\"name\":\"Sobre n\u00f3s - DUA Lab\",\"isPartOf\":{\"@id\":\"https:\/\/dualab.sojistudio.com\/#website\"},\"datePublished\":\"2022-11-07T15:37:59+00:00\",\"dateModified\":\"2023-09-07T17:10:36+00:00\",\"breadcrumb\":{\"@id\":\"https:\/\/dualab.sojistudio.com\/sobre-nos\/#breadcrumb\"},\"inLanguage\":\"en-US\",\"potentialAction\":[{\"@type\":\"ReadAction\",\"target\":[\"https:\/\/dualab.sojistudio.com\/sobre-nos\/\"]}]},{\"@type\":\"BreadcrumbList\",\"@id\":\"https:\/\/dualab.sojistudio.com\/sobre-nos\/#breadcrumb\",\"itemListElement\":[{\"@type\":\"ListItem\",\"position\":1,\"name\":\"Home\",\"item\":\"https:\/\/dualab.sojistudio.com\/\"},{\"@type\":\"ListItem\",\"position\":2,\"name\":\"Sobre n\u00f3s\"}]},{\"@type\":\"WebSite\",\"@id\":\"https:\/\/dualab.sojistudio.com\/#website\",\"url\":\"https:\/\/dualab.sojistudio.com\/\",\"name\":\"DUA Lab\",\"description\":\"DUA Lab\",\"potentialAction\":[{\"@type\":\"SearchAction\",\"target\":{\"@type\":\"EntryPoint\",\"urlTemplate\":\"https:\/\/dualab.sojistudio.com\/?s={search_term_string}\"},\"query-input\":\"required name=search_term_string\"}],\"inLanguage\":\"en-US\"}]}<\/script>\n<!-- \/ Yoast SEO plugin. -->","yoast_head_json":{"title":"Sobre n\u00f3s - DUA Lab","robots":{"index":"index","follow":"follow","max-snippet":"max-snippet:-1","max-image-preview":"max-image-preview:large","max-video-preview":"max-video-preview:-1"},"canonical":"https:\/\/dualab.sojistudio.com\/en\/sobre-nos\/","og_locale":"en_US","og_type":"article","og_title":"Sobre n\u00f3s - DUA Lab","og_description":"O Grupo de Din\u00e2micas Urbanas e Ambientais [DUA.lab], assume uma vis\u00e3o pluridisciplinar sobre os temas que estuda e investiga, explorando abordagens integradas que visam alcan\u00e7ar estrat\u00e9gias eficazes e inovadoras para os problemas e desafios que o ambiente constru\u00eddo coloca ao quotidiano das popula\u00e7\u00f5es. As \u00e1reas de investiga\u00e7\u00e3o desenvolvidas pelo Grupo encontram-se enquadradas nas linhas de &hellip; Sobre n\u00f3s Read More &raquo;","og_url":"https:\/\/dualab.sojistudio.com\/en\/sobre-nos\/","og_site_name":"DUA Lab","article_modified_time":"2023-09-07T17:10:36+00:00","twitter_card":"summary_large_image","schema":{"@context":"https:\/\/schema.org","@graph":[{"@type":"WebPage","@id":"https:\/\/dualab.sojistudio.com\/sobre-nos\/","url":"https:\/\/dualab.sojistudio.com\/sobre-nos\/","name":"Sobre n\u00f3s - DUA Lab","isPartOf":{"@id":"https:\/\/dualab.sojistudio.com\/#website"},"datePublished":"2022-11-07T15:37:59+00:00","dateModified":"2023-09-07T17:10:36+00:00","breadcrumb":{"@id":"https:\/\/dualab.sojistudio.com\/sobre-nos\/#breadcrumb"},"inLanguage":"en-US","potentialAction":[{"@type":"ReadAction","target":["https:\/\/dualab.sojistudio.com\/sobre-nos\/"]}]},{"@type":"BreadcrumbList","@id":"https:\/\/dualab.sojistudio.com\/sobre-nos\/#breadcrumb","itemListElement":[{"@type":"ListItem","position":1,"name":"Home","item":"https:\/\/dualab.sojistudio.com\/"},{"@type":"ListItem","position":2,"name":"Sobre n\u00f3s"}]},{"@type":"WebSite","@id":"https:\/\/dualab.sojistudio.com\/#website","url":"https:\/\/dualab.sojistudio.com\/","name":"DUA Lab","description":"DUA Lab","potentialAction":[{"@type":"SearchAction","target":{"@type":"EntryPoint","urlTemplate":"https:\/\/dualab.sojistudio.com\/?s={search_term_string}"},"query-input":"required name=search_term_string"}],"inLanguage":"en-US"}]}},"uagb_featured_image_src":{"full":false,"thumbnail":false,"medium":false,"medium_large":false,"large":false,"1536x1536":false,"2048x2048":false,"trp-custom-language-flag":false},"uagb_author_info":{"display_name":"dualab2","author_link":"https:\/\/dualab.sojistudio.com\/en\/author\/dualab2\/"},"uagb_comment_info":0,"uagb_excerpt":"O Grupo de Din\u00e2micas Urbanas e Ambientais [DUA.lab], assume uma vis\u00e3o pluridisciplinar sobre os temas que estuda e investiga, explorando abordagens integradas que visam alcan\u00e7ar estrat\u00e9gias eficazes e inovadoras para os problemas e desafios que o ambiente constru\u00eddo coloca ao quotidiano das popula\u00e7\u00f5es. As \u00e1reas de investiga\u00e7\u00e3o desenvolvidas pelo Grupo encontram-se enquadradas nas linhas de&hellip;","_links":{"self":[{"href":"https:\/\/dualab.sojistudio.com\/en\/wp-json\/wp\/v2\/pages\/1056"}],"collection":[{"href":"https:\/\/dualab.sojistudio.com\/en\/wp-json\/wp\/v2\/pages"}],"about":[{"href":"https:\/\/dualab.sojistudio.com\/en\/wp-json\/wp\/v2\/types\/page"}],"author":[{"embeddable":true,"href":"https:\/\/dualab.sojistudio.com\/en\/wp-json\/wp\/v2\/users\/1"}],"replies":[{"embeddable":true,"href":"https:\/\/dualab.sojistudio.com\/en\/wp-json\/wp\/v2\/comments?post=1056"}],"version-history":[{"count":90,"href":"https:\/\/dualab.sojistudio.com\/en\/wp-json\/wp\/v2\/pages\/1056\/revisions"}],"predecessor-version":[{"id":2275,"href":"https:\/\/dualab.sojistudio.com\/en\/wp-json\/wp\/v2\/pages\/1056\/revisions\/2275"}],"wp:attachment":[{"href":"https:\/\/dualab.sojistudio.com\/en\/wp-json\/wp\/v2\/media?parent=1056"}],"curies":[{"name":"wp","href":"https:\/\/api.w.org\/{rel}","templated":true}]}}