{"id":1671,"date":"2023-02-27T15:48:12","date_gmt":"2023-02-27T15:48:12","guid":{"rendered":"https:\/\/dualab.sojistudio.com\/?page_id=1671"},"modified":"2023-09-07T18:54:34","modified_gmt":"2023-09-07T18:54:34","slug":"contactos","status":"publish","type":"page","link":"https:\/\/dualab.sojistudio.com\/en\/contactos\/","title":{"rendered":"Contacts"},"content":{"rendered":"<div data-elementor-type=\"wp-page\" data-elementor-id=\"1671\" class=\"elementor elementor-1671\">\n\t\t\t\t\t\t\t\t\t<section class=\"elementor-section elementor-top-section elementor-element elementor-element-lblxvsf elementor-section-boxed elementor-section-height-default elementor-section-height-default\" data-id=\"lblxvsf\" data-element_type=\"section\">\n\t\t\t\t\t\t<div class=\"elementor-container elementor-column-gap-no\">\n\t\t\t\t\t<div class=\"elementor-column elementor-col-100 elementor-top-column elementor-element elementor-element-17a7be6\" data-id=\"17a7be6\" data-element_type=\"column\">\n\t\t\t<div class=\"elementor-widget-wrap\">\n\t\t\t\t\t\t\t\t\t<\/div>\n\t\t<\/div>\n\t\t\t\t\t\t\t<\/div>\n\t\t<\/section>\n\t\t\t\t<section class=\"elementor-section elementor-top-section elementor-element elementor-element-lfz566c elementor-reverse-mobile elementor-section-boxed elementor-section-height-default elementor-section-height-default\" data-id=\"lfz566c\" data-element_type=\"section\" data-settings=\"{&quot;background_background&quot;:&quot;classic&quot;}\">\n\t\t\t\t\t\t\t<div class=\"elementor-background-overlay\"><\/div>\n\t\t\t\t\t\t\t<div class=\"elementor-container elementor-column-gap-default\">\n\t\t\t\t\t<div class=\"elementor-column elementor-col-100 elementor-top-column elementor-element elementor-element-84bddbe\" data-id=\"84bddbe\" data-element_type=\"column\">\n\t\t\t<div class=\"elementor-widget-wrap elementor-element-populated\">\n\t\t\t\t\t\t\t\t<div class=\"elementor-element elementor-element-691303f elementor-widget elementor-widget-heading\" data-id=\"691303f\" data-element_type=\"widget\" data-widget_type=\"heading.default\">\n\t\t\t\t<div class=\"elementor-widget-container\">\n\t\t\t<style>\/*! elementor - v3.15.0 - 09-08-2023 *\/\n.elementor-heading-title{padding:0;margin:0;line-height:1}.elementor-widget-heading .elementor-heading-title[class*=elementor-size-]>a{color:inherit;font-size:inherit;line-height:inherit}.elementor-widget-heading .elementor-heading-title.elementor-size-small{font-size:15px}.elementor-widget-heading .elementor-heading-title.elementor-size-medium{font-size:19px}.elementor-widget-heading .elementor-heading-title.elementor-size-large{font-size:29px}.elementor-widget-heading .elementor-heading-title.elementor-size-xl{font-size:39px}.elementor-widget-heading .elementor-heading-title.elementor-size-xxl{font-size:59px}<\/style><h1 class=\"elementor-heading-title elementor-size-xxl\">Contacts<\/h1>\t\t<\/div>\n\t\t\t\t<\/div>\n\t\t\t\t\t<\/div>\n\t\t<\/div>\n\t\t\t\t\t\t\t<\/div>\n\t\t<\/section>\n\t\t\t\t<section class=\"elementor-section elementor-top-section elementor-element elementor-element-d0ce321 elementor-section-boxed elementor-section-height-default elementor-section-height-default\" data-id=\"d0ce321\" data-element_type=\"section\">\n\t\t\t\t\t\t<div class=\"elementor-container elementor-column-gap-default\">\n\t\t\t\t\t<div class=\"elementor-column elementor-col-100 elementor-top-column elementor-element elementor-element-645a332\" data-id=\"645a332\" data-element_type=\"column\">\n\t\t\t<div class=\"elementor-widget-wrap elementor-element-populated\">\n\t\t\t\t\t\t\t\t<div class=\"elementor-element elementor-element-377daeb elementor-widget elementor-widget-heading\" data-id=\"377daeb\" data-element_type=\"widget\" data-widget_type=\"heading.default\">\n\t\t\t\t<div class=\"elementor-widget-container\">\n\t\t\t<h4 class=\"elementor-heading-title elementor-size-default\">Address<\/h4>\t\t<\/div>\n\t\t\t\t<\/div>\n\t\t\t\t<div class=\"elementor-element elementor-element-f2d4de2 elementor-widget elementor-widget-text-editor\" data-id=\"f2d4de2\" data-element_type=\"widget\" data-widget_type=\"text-editor.default\">\n\t\t\t\t<div class=\"elementor-widget-container\">\n\t\t\t<style>\/*! elementor - v3.15.0 - 09-08-2023 *\/\n.elementor-widget-text-editor.elementor-drop-cap-view-stacked .elementor-drop-cap{background-color:#69727d;color:#fff}.elementor-widget-text-editor.elementor-drop-cap-view-framed .elementor-drop-cap{color:#69727d;border:3px solid;background-color:transparent}.elementor-widget-text-editor:not(.elementor-drop-cap-view-default) .elementor-drop-cap{margin-top:8px}.elementor-widget-text-editor:not(.elementor-drop-cap-view-default) .elementor-drop-cap-letter{width:1em;height:1em}.elementor-widget-text-editor .elementor-drop-cap{float:left;text-align:center;line-height:1;font-size:50px}.elementor-widget-text-editor .elementor-drop-cap-letter{display:inline-block}<\/style>\t\t\t\t<p>Faculdade de Arquitectura<\/p>\n<p>Rua S\u00e1 Nogueira, P\u00f3lo Universit\u00e1rio<\/p>\n<p>Alto da Ajuda<\/p>\n<p>1349-063 | Lisboa<\/p>\n<p>Building 4 - Office 4.0.17<\/p>\t\t\t\t\t\t<\/div>\n\t\t\t\t<\/div>\n\t\t\t\t\t<\/div>\n\t\t<\/div>\n\t\t\t\t\t\t\t<\/div>\n\t\t<\/section>\n\t\t\t\t<section class=\"elementor-section elementor-top-section elementor-element elementor-element-3039604 elementor-section-boxed elementor-section-height-default elementor-section-height-default\" data-id=\"3039604\" data-element_type=\"section\">\n\t\t\t\t\t\t<div class=\"elementor-container elementor-column-gap-default\">\n\t\t\t\t\t<div class=\"elementor-column elementor-col-100 elementor-top-column elementor-element elementor-element-42c9caf\" data-id=\"42c9caf\" data-element_type=\"column\">\n\t\t\t<div class=\"elementor-widget-wrap elementor-element-populated\">\n\t\t\t\t\t\t\t\t<div class=\"elementor-element elementor-element-7d6d616 elementor-widget elementor-widget-text-editor\" data-id=\"7d6d616\" data-element_type=\"widget\" data-widget_type=\"text-editor.default\">\n\t\t\t\t<div class=\"elementor-widget-container\">\n\t\t\t\t\t\t\t<p><strong>Tel:<\/strong> (+351) 213 615 828<\/p><p><strong>E-mail:<\/strong> dualab@fa.ulisboa.pt<\/p>\t\t\t\t\t\t<\/div>\n\t\t\t\t<\/div>\n\t\t\t\t\t<\/div>\n\t\t<\/div>\n\t\t\t\t\t\t\t<\/div>\n\t\t<\/section>\n\t\t\t\t<section class=\"elementor-section elementor-top-section elementor-element elementor-element-80b8c3f elementor-section-boxed elementor-section-height-default elementor-section-height-default\" data-id=\"80b8c3f\" data-element_type=\"section\">\n\t\t\t\t\t\t<div class=\"elementor-container elementor-column-gap-default\">\n\t\t\t\t\t<div class=\"elementor-column elementor-col-100 elementor-top-column elementor-element elementor-element-e5f7bec\" data-id=\"e5f7bec\" data-element_type=\"column\">\n\t\t\t<div class=\"elementor-widget-wrap elementor-element-populated\">\n\t\t\t\t\t\t\t\t<div class=\"elementor-element elementor-element-1088b2e elementor-widget elementor-widget-heading\" data-id=\"1088b2e\" data-element_type=\"widget\" data-widget_type=\"heading.default\">\n\t\t\t\t<div class=\"elementor-widget-container\">\n\t\t\t<h4 class=\"elementor-heading-title elementor-size-default\">Public Transports<\/h4>\t\t<\/div>\n\t\t\t\t<\/div>\n\t\t\t\t<div class=\"elementor-element elementor-element-36ce378 elementor-widget elementor-widget-text-editor\" data-id=\"36ce378\" data-element_type=\"widget\" data-widget_type=\"text-editor.default\">\n\t\t\t\t<div class=\"elementor-widget-container\">\n\t\t\t\t\t\t\t<p><strong>Buses<\/strong>\u00a0<span style=\"font-style: inherit; font-weight: inherit;\">723 | 729 | 742 | 760 | 771<\/span><\/p><p>\u00a0<\/p>\t\t\t\t\t\t<\/div>\n\t\t\t\t<\/div>\n\t\t\t\t\t<\/div>\n\t\t<\/div>\n\t\t\t\t\t\t\t<\/div>\n\t\t<\/section>\n\t\t\t\t<section class=\"elementor-section elementor-top-section elementor-element elementor-element-8c06f5f elementor-section-boxed elementor-section-height-default elementor-section-height-default\" data-id=\"8c06f5f\" data-element_type=\"section\">\n\t\t\t\t\t\t<div class=\"elementor-container elementor-column-gap-default\">\n\t\t\t\t\t<div class=\"elementor-column elementor-col-100 elementor-top-column elementor-element elementor-element-aa772b6\" data-id=\"aa772b6\" data-element_type=\"column\">\n\t\t\t<div class=\"elementor-widget-wrap elementor-element-populated\">\n\t\t\t\t\t\t\t\t<div class=\"elementor-element elementor-element-218dca4 elementor-widget elementor-widget-spacer\" data-id=\"218dca4\" data-element_type=\"widget\" data-widget_type=\"spacer.default\">\n\t\t\t\t<div class=\"elementor-widget-container\">\n\t\t\t<style>\/*! elementor - v3.15.0 - 09-08-2023 *\/\n.elementor-column .elementor-spacer-inner{height:var(--spacer-size)}.e-con{--container-widget-width:100%}.e-con-inner>.elementor-widget-spacer,.e-con>.elementor-widget-spacer{width:var(--container-widget-width,var(--spacer-size));--align-self:var(--container-widget-align-self,initial);--flex-shrink:0}.e-con-inner>.elementor-widget-spacer>.elementor-widget-container,.e-con-inner>.elementor-widget-spacer>.elementor-widget-container>.elementor-spacer,.e-con>.elementor-widget-spacer>.elementor-widget-container,.e-con>.elementor-widget-spacer>.elementor-widget-container>.elementor-spacer{height:100%}.e-con-inner>.elementor-widget-spacer>.elementor-widget-container>.elementor-spacer>.elementor-spacer-inner,.e-con>.elementor-widget-spacer>.elementor-widget-container>.elementor-spacer>.elementor-spacer-inner{height:var(--container-widget-height,var(--spacer-size))}<\/style>\t\t<div class=\"elementor-spacer\">\n\t\t\t<div class=\"elementor-spacer-inner\"><\/div>\n\t\t<\/div>\n\t\t\t\t<\/div>\n\t\t\t\t<\/div>\n\t\t\t\t\t<\/div>\n\t\t<\/div>\n\t\t\t\t\t\t\t<\/div>\n\t\t<\/section>\n\t\t\t\t<section class=\"elementor-section elementor-top-section elementor-element elementor-element-pickzrv elementor-section-full_width elementor-section-height-default elementor-section-height-default\" data-id=\"pickzrv\" data-element_type=\"section\">\n\t\t\t\t\t\t<div class=\"elementor-container elementor-column-gap-no\">\n\t\t\t\t\t<div class=\"elementor-column elementor-col-100 elementor-top-column elementor-element elementor-element-9f7917c\" data-id=\"9f7917c\" data-element_type=\"column\">\n\t\t\t<div class=\"elementor-widget-wrap elementor-element-populated\">\n\t\t\t\t\t\t\t\t<div class=\"elementor-element elementor-element-24e8854 elementor-widget elementor-widget-google_maps\" data-id=\"24e8854\" data-element_type=\"widget\" data-widget_type=\"google_maps.default\">\n\t\t\t\t<div class=\"elementor-widget-container\">\n\t\t\t<style>\/*! elementor - v3.15.0 - 09-08-2023 *\/\n.elementor-widget-google_maps .elementor-widget-container{overflow:hidden}.elementor-widget-google_maps .elementor-custom-embed{line-height:0}.elementor-widget-google_maps iframe{height:300px}<\/style>\t\t<div class=\"elementor-custom-embed\">\n\t\t\t<iframe loading=\"lazy\"\n\t\t\t\t\tsrc=\"https:\/\/maps.google.com\/maps?q=Faculdade%20de%20Arquitetura%20da%20Universidade%20de%20Lisboa&#038;t=m&#038;z=16&#038;output=embed&#038;iwloc=near\"\n\t\t\t\t\ttitle=\"Faculdade de Arquitetura da Universidade de Lisboa\"\n\t\t\t\t\taria-label=\"Faculdade de Arquitetura da Universidade de Lisboa\"\n\t\t\t><\/iframe>\n\t\t<\/div>\n\t\t\t\t<\/div>\n\t\t\t\t<\/div>\n\t\t\t\t\t<\/div>\n\t\t<\/div>\n\t\t\t\t\t\t\t<\/div>\n\t\t<\/section>\n\t\t\t\t\t\t\t<\/div>","protected":false},"excerpt":{"rendered":"<p>Contactos Morada Faculdade de Arquitectura Rua S\u00e1 Nogueira, P\u00f3lo Universit\u00e1rio Alto da Ajuda 1349-063 | Lisboa Edif\u00edcio 4 &#8211; Gabinete 4.0.17 Tel: (+351) 213 615 828 E-mail: dualab@fa.ulisboa.pt Transportes P\u00fablicos Autocarros:\u00a0723 | 729 | 742 | 760 | 771 \u00a0<\/p>","protected":false},"author":1,"featured_media":0,"parent":0,"menu_order":0,"comment_status":"closed","ping_status":"closed","template":"","meta":{"_acf_changed":false,"_uag_custom_page_level_css":"","site-sidebar-layout":"no-sidebar","site-content-layout":"page-builder","ast-global-header-display":"","ast-main-header-display":"","ast-hfb-above-header-display":"","ast-hfb-below-header-display":"","ast-hfb-mobile-header-display":"","site-post-title":"disabled","ast-breadcrumbs-content":"","ast-featured-img":"disabled","footer-sml-layout":"","theme-transparent-header-meta":"","adv-header-id-meta":"","stick-header-meta":"","header-above-stick-meta":"","header-main-stick-meta":"","header-below-stick-meta":"","footnotes":""},"acf":[],"yoast_head":"<!-- This site is optimized with the Yoast SEO plugin v22.0 - https:\/\/yoast.com\/wordpress\/plugins\/seo\/ -->\n<title>Contactos - DUA Lab<\/title>\n<meta name=\"robots\" content=\"index, follow, max-snippet:-1, max-image-preview:large, max-video-preview:-1\" \/>\n<link rel=\"canonical\" href=\"https:\/\/dualab.sojistudio.com\/en\/contactos\/\" \/>\n<meta property=\"og:locale\" content=\"en_US\" \/>\n<meta property=\"og:type\" content=\"article\" \/>\n<meta property=\"og:title\" content=\"Contactos - DUA Lab\" \/>\n<meta property=\"og:description\" content=\"Contactos Morada Faculdade de Arquitectura Rua S\u00e1 Nogueira, P\u00f3lo Universit\u00e1rio Alto da Ajuda 1349-063 | Lisboa Edif\u00edcio 4 &#8211; Gabinete 4.0.17 Tel: (+351) 213 615 828 E-mail: dualab@fa.ulisboa.pt Transportes P\u00fablicos Autocarros:\u00a0723 | 729 | 742 | 760 | 771 \u00a0\" \/>\n<meta property=\"og:url\" content=\"https:\/\/dualab.sojistudio.com\/en\/contactos\/\" \/>\n<meta property=\"og:site_name\" content=\"DUA Lab\" \/>\n<meta property=\"article:modified_time\" content=\"2023-09-07T18:54:34+00:00\" \/>\n<meta name=\"twitter:card\" content=\"summary_large_image\" \/>\n<meta name=\"twitter:label1\" content=\"Est. reading time\" \/>\n\t<meta name=\"twitter:data1\" content=\"2 minutes\" \/>\n<script type=\"application\/ld+json\" class=\"yoast-schema-graph\">{\"@context\":\"https:\/\/schema.org\",\"@graph\":[{\"@type\":\"WebPage\",\"@id\":\"https:\/\/dualab.sojistudio.com\/contactos\/\",\"url\":\"https:\/\/dualab.sojistudio.com\/contactos\/\",\"name\":\"Contactos - DUA Lab\",\"isPartOf\":{\"@id\":\"https:\/\/dualab.sojistudio.com\/#website\"},\"datePublished\":\"2023-02-27T15:48:12+00:00\",\"dateModified\":\"2023-09-07T18:54:34+00:00\",\"breadcrumb\":{\"@id\":\"https:\/\/dualab.sojistudio.com\/contactos\/#breadcrumb\"},\"inLanguage\":\"en-US\",\"potentialAction\":[{\"@type\":\"ReadAction\",\"target\":[\"https:\/\/dualab.sojistudio.com\/contactos\/\"]}]},{\"@type\":\"BreadcrumbList\",\"@id\":\"https:\/\/dualab.sojistudio.com\/contactos\/#breadcrumb\",\"itemListElement\":[{\"@type\":\"ListItem\",\"position\":1,\"name\":\"Home\",\"item\":\"https:\/\/dualab.sojistudio.com\/\"},{\"@type\":\"ListItem\",\"position\":2,\"name\":\"Contactos\"}]},{\"@type\":\"WebSite\",\"@id\":\"https:\/\/dualab.sojistudio.com\/#website\",\"url\":\"https:\/\/dualab.sojistudio.com\/\",\"name\":\"DUA Lab\",\"description\":\"DUA Lab\",\"potentialAction\":[{\"@type\":\"SearchAction\",\"target\":{\"@type\":\"EntryPoint\",\"urlTemplate\":\"https:\/\/dualab.sojistudio.com\/?s={search_term_string}\"},\"query-input\":\"required name=search_term_string\"}],\"inLanguage\":\"en-US\"}]}<\/script>\n<!-- \/ Yoast SEO plugin. -->","yoast_head_json":{"title":"Contactos - DUA Lab","robots":{"index":"index","follow":"follow","max-snippet":"max-snippet:-1","max-image-preview":"max-image-preview:large","max-video-preview":"max-video-preview:-1"},"canonical":"https:\/\/dualab.sojistudio.com\/en\/contactos\/","og_locale":"en_US","og_type":"article","og_title":"Contactos - DUA Lab","og_description":"Contactos Morada Faculdade de Arquitectura Rua S\u00e1 Nogueira, P\u00f3lo Universit\u00e1rio Alto da Ajuda 1349-063 | Lisboa Edif\u00edcio 4 &#8211; Gabinete 4.0.17 Tel: (+351) 213 615 828 E-mail: dualab@fa.ulisboa.pt Transportes P\u00fablicos Autocarros:\u00a0723 | 729 | 742 | 760 | 771 \u00a0","og_url":"https:\/\/dualab.sojistudio.com\/en\/contactos\/","og_site_name":"DUA Lab","article_modified_time":"2023-09-07T18:54:34+00:00","twitter_card":"summary_large_image","twitter_misc":{"Est. reading time":"2 minutes"},"schema":{"@context":"https:\/\/schema.org","@graph":[{"@type":"WebPage","@id":"https:\/\/dualab.sojistudio.com\/contactos\/","url":"https:\/\/dualab.sojistudio.com\/contactos\/","name":"Contactos - DUA Lab","isPartOf":{"@id":"https:\/\/dualab.sojistudio.com\/#website"},"datePublished":"2023-02-27T15:48:12+00:00","dateModified":"2023-09-07T18:54:34+00:00","breadcrumb":{"@id":"https:\/\/dualab.sojistudio.com\/contactos\/#breadcrumb"},"inLanguage":"en-US","potentialAction":[{"@type":"ReadAction","target":["https:\/\/dualab.sojistudio.com\/contactos\/"]}]},{"@type":"BreadcrumbList","@id":"https:\/\/dualab.sojistudio.com\/contactos\/#breadcrumb","itemListElement":[{"@type":"ListItem","position":1,"name":"Home","item":"https:\/\/dualab.sojistudio.com\/"},{"@type":"ListItem","position":2,"name":"Contactos"}]},{"@type":"WebSite","@id":"https:\/\/dualab.sojistudio.com\/#website","url":"https:\/\/dualab.sojistudio.com\/","name":"DUA Lab","description":"DUA Lab","potentialAction":[{"@type":"SearchAction","target":{"@type":"EntryPoint","urlTemplate":"https:\/\/dualab.sojistudio.com\/?s={search_term_string}"},"query-input":"required name=search_term_string"}],"inLanguage":"en-US"}]}},"uagb_featured_image_src":{"full":false,"thumbnail":false,"medium":false,"medium_large":false,"large":false,"1536x1536":false,"2048x2048":false,"trp-custom-language-flag":false},"uagb_author_info":{"display_name":"dualab2","author_link":"https:\/\/dualab.sojistudio.com\/en\/author\/dualab2\/"},"uagb_comment_info":0,"uagb_excerpt":"Contactos Morada Faculdade de Arquitectura Rua S\u00e1 Nogueira, P\u00f3lo Universit\u00e1rio Alto da Ajuda 1349-063 | Lisboa Edif\u00edcio 4 &#8211; Gabinete 4.0.17 Tel: (+351) 213 615 828 E-mail: dualab@fa.ulisboa.pt Transportes P\u00fablicos Autocarros:\u00a0723 | 729 | 742 | 760 | 771 \u00a0","_links":{"self":[{"href":"https:\/\/dualab.sojistudio.com\/en\/wp-json\/wp\/v2\/pages\/1671"}],"collection":[{"href":"https:\/\/dualab.sojistudio.com\/en\/wp-json\/wp\/v2\/pages"}],"about":[{"href":"https:\/\/dualab.sojistudio.com\/en\/wp-json\/wp\/v2\/types\/page"}],"author":[{"embeddable":true,"href":"https:\/\/dualab.sojistudio.com\/en\/wp-json\/wp\/v2\/users\/1"}],"replies":[{"embeddable":true,"href":"https:\/\/dualab.sojistudio.com\/en\/wp-json\/wp\/v2\/comments?post=1671"}],"version-history":[{"count":43,"href":"https:\/\/dualab.sojistudio.com\/en\/wp-json\/wp\/v2\/pages\/1671\/revisions"}],"predecessor-version":[{"id":2381,"href":"https:\/\/dualab.sojistudio.com\/en\/wp-json\/wp\/v2\/pages\/1671\/revisions\/2381"}],"wp:attachment":[{"href":"https:\/\/dualab.sojistudio.com\/en\/wp-json\/wp\/v2\/media?parent=1671"}],"curies":[{"name":"wp","href":"https:\/\/api.w.org\/{rel}","templated":true}]}}