{"id":2096,"date":"2023-08-15T20:51:04","date_gmt":"2023-08-15T20:51:04","guid":{"rendered":"https:\/\/dualab.sojistudio.com\/?page_id=2096"},"modified":"2023-09-07T17:16:05","modified_gmt":"2023-09-07T17:16:05","slug":"missao","status":"publish","type":"page","link":"https:\/\/dualab.sojistudio.com\/en\/missao\/","title":{"rendered":"Mission"},"content":{"rendered":"<div data-elementor-type=\"wp-page\" data-elementor-id=\"2096\" class=\"elementor elementor-2096\">\n\t\t\t\t\t\t\t\t\t<section class=\"elementor-section elementor-top-section elementor-element elementor-element-134f7845 elementor-section-boxed elementor-section-height-default elementor-section-height-default\" data-id=\"134f7845\" data-element_type=\"section\">\n\t\t\t\t\t\t<div class=\"elementor-container elementor-column-gap-default\">\n\t\t\t\t\t<div class=\"elementor-column elementor-col-100 elementor-top-column elementor-element elementor-element-24ec1266\" data-id=\"24ec1266\" data-element_type=\"column\">\n\t\t\t<div class=\"elementor-widget-wrap elementor-element-populated\">\n\t\t\t\t\t\t\t\t<div class=\"elementor-element elementor-element-790fe3bb elementor-widget elementor-widget-text-editor\" data-id=\"790fe3bb\" data-element_type=\"widget\" data-widget_type=\"text-editor.default\">\n\t\t\t\t<div class=\"elementor-widget-container\">\n\t\t\t<style>\/*! elementor - v3.15.0 - 09-08-2023 *\/\n.elementor-widget-text-editor.elementor-drop-cap-view-stacked .elementor-drop-cap{background-color:#69727d;color:#fff}.elementor-widget-text-editor.elementor-drop-cap-view-framed .elementor-drop-cap{color:#69727d;border:3px solid;background-color:transparent}.elementor-widget-text-editor:not(.elementor-drop-cap-view-default) .elementor-drop-cap{margin-top:8px}.elementor-widget-text-editor:not(.elementor-drop-cap-view-default) .elementor-drop-cap-letter{width:1em;height:1em}.elementor-widget-text-editor .elementor-drop-cap{float:left;text-align:center;line-height:1;font-size:50px}.elementor-widget-text-editor .elementor-drop-cap-letter{display:inline-block}<\/style>\t\t\t\t<p>DUA.lab&#039;s mission is to:<\/p><ul><li>promote and develop research projects (fundamental or applied);<\/li><li>support postgraduate students in the preparation of master&#039;s theses (2nd cycle of\nstudies) and doctoral theses (3rd cycle of studies) by framing them in ongoing or\nproposed research projects;<\/li><li class=\" translation-block\">publish, in an open source, the results obtained from research activities (scientific\nand\/or applied) carried out by its members through publications listed in the ISI Web\nof Science, Scopus, Research Gate and ORCID databases, either through\norganization and participation national and international scientific events;<\/li><li>develop teamwork actions with other groups and laboratories, whether from CIAUD or\nother national and foreign research institutions.\u00a0<\/li><\/ul>\t\t\t\t\t\t<\/div>\n\t\t\t\t<\/div>\n\t\t\t\t\t<\/div>\n\t\t<\/div>\n\t\t\t\t\t\t\t<\/div>\n\t\t<\/section>\n\t\t\t\t<section class=\"elementor-section elementor-top-section elementor-element elementor-element-ebeef1d elementor-section-height-min-height elementor-section-content-middle elementor-section-boxed elementor-section-height-default elementor-section-items-middle\" data-id=\"ebeef1d\" data-element_type=\"section\" data-settings=\"{&quot;background_background&quot;:&quot;classic&quot;}\">\n\t\t\t\t\t\t<div class=\"elementor-container elementor-column-gap-default\">\n\t\t\t\t\t<div class=\"elementor-column elementor-col-100 elementor-top-column elementor-element elementor-element-78c345b\" data-id=\"78c345b\" data-element_type=\"column\">\n\t\t\t<div class=\"elementor-widget-wrap\">\n\t\t\t\t\t\t\t\t\t<\/div>\n\t\t<\/div>\n\t\t\t\t\t\t\t<\/div>\n\t\t<\/section>\n\t\t\t\t\t\t\t<\/div>","protected":false},"excerpt":{"rendered":"<p>O DUA.lab tem por miss\u00e3o: promover e desenvolver projetos de investiga\u00e7\u00e3o (fundamental ou aplicada); apoiar estudantes de p\u00f3s-gradua\u00e7\u00e3o na prepara\u00e7\u00e3o de disserta\u00e7\u00f5es de mestrado (2.\u00ba ciclo de estudos) e de teses de doutoramento (3.\u00ba ciclo de estudos) enquadrando-os em projetos de investiga\u00e7\u00e3o em curso ou propostos; disseminar, de forma aberta, os resultados obtidos decorrentes das &hellip;<\/p>\n<p class=\"read-more\"> <a class=\"\" href=\"https:\/\/dualab.sojistudio.com\/en\/missao\/\"> <span class=\"screen-reader-text\">Mission<\/span> Read More &raquo;<\/a><\/p>","protected":false},"author":1,"featured_media":0,"parent":0,"menu_order":0,"comment_status":"closed","ping_status":"closed","template":"","meta":{"_acf_changed":false,"_uag_custom_page_level_css":"","site-sidebar-layout":"no-sidebar","site-content-layout":"page-builder","ast-global-header-display":"","ast-main-header-display":"","ast-hfb-above-header-display":"","ast-hfb-below-header-display":"","ast-hfb-mobile-header-display":"","site-post-title":"disabled","ast-breadcrumbs-content":"","ast-featured-img":"disabled","footer-sml-layout":"","theme-transparent-header-meta":"","adv-header-id-meta":"","stick-header-meta":"","header-above-stick-meta":"","header-main-stick-meta":"","header-below-stick-meta":"","footnotes":""},"acf":[],"yoast_head":"<!-- This site is optimized with the Yoast SEO plugin v22.0 - https:\/\/yoast.com\/wordpress\/plugins\/seo\/ -->\n<title>Miss\u00e3o - DUA Lab<\/title>\n<meta name=\"robots\" content=\"index, follow, max-snippet:-1, max-image-preview:large, max-video-preview:-1\" \/>\n<link rel=\"canonical\" href=\"https:\/\/dualab.sojistudio.com\/en\/missao\/\" \/>\n<meta property=\"og:locale\" content=\"en_US\" \/>\n<meta property=\"og:type\" content=\"article\" \/>\n<meta property=\"og:title\" content=\"Miss\u00e3o - DUA Lab\" \/>\n<meta property=\"og:description\" content=\"O DUA.lab tem por miss\u00e3o: promover e desenvolver projetos de investiga\u00e7\u00e3o (fundamental ou aplicada); apoiar estudantes de p\u00f3s-gradua\u00e7\u00e3o na prepara\u00e7\u00e3o de disserta\u00e7\u00f5es de mestrado (2.\u00ba ciclo de estudos) e de teses de doutoramento (3.\u00ba ciclo de estudos) enquadrando-os em projetos de investiga\u00e7\u00e3o em curso ou propostos; disseminar, de forma aberta, os resultados obtidos decorrentes das &hellip; Miss\u00e3o Read More &raquo;\" \/>\n<meta property=\"og:url\" content=\"https:\/\/dualab.sojistudio.com\/en\/missao\/\" \/>\n<meta property=\"og:site_name\" content=\"DUA Lab\" \/>\n<meta property=\"article:modified_time\" content=\"2023-09-07T17:16:05+00:00\" \/>\n<meta name=\"twitter:card\" content=\"summary_large_image\" \/>\n<meta name=\"twitter:label1\" content=\"Est. reading time\" \/>\n\t<meta name=\"twitter:data1\" content=\"1 minute\" \/>\n<script type=\"application\/ld+json\" class=\"yoast-schema-graph\">{\"@context\":\"https:\/\/schema.org\",\"@graph\":[{\"@type\":\"WebPage\",\"@id\":\"https:\/\/dualab.sojistudio.com\/missao\/\",\"url\":\"https:\/\/dualab.sojistudio.com\/missao\/\",\"name\":\"Miss\u00e3o - DUA Lab\",\"isPartOf\":{\"@id\":\"https:\/\/dualab.sojistudio.com\/#website\"},\"datePublished\":\"2023-08-15T20:51:04+00:00\",\"dateModified\":\"2023-09-07T17:16:05+00:00\",\"breadcrumb\":{\"@id\":\"https:\/\/dualab.sojistudio.com\/missao\/#breadcrumb\"},\"inLanguage\":\"en-US\",\"potentialAction\":[{\"@type\":\"ReadAction\",\"target\":[\"https:\/\/dualab.sojistudio.com\/missao\/\"]}]},{\"@type\":\"BreadcrumbList\",\"@id\":\"https:\/\/dualab.sojistudio.com\/missao\/#breadcrumb\",\"itemListElement\":[{\"@type\":\"ListItem\",\"position\":1,\"name\":\"Home\",\"item\":\"https:\/\/dualab.sojistudio.com\/\"},{\"@type\":\"ListItem\",\"position\":2,\"name\":\"Miss\u00e3o\"}]},{\"@type\":\"WebSite\",\"@id\":\"https:\/\/dualab.sojistudio.com\/#website\",\"url\":\"https:\/\/dualab.sojistudio.com\/\",\"name\":\"DUA Lab\",\"description\":\"DUA Lab\",\"potentialAction\":[{\"@type\":\"SearchAction\",\"target\":{\"@type\":\"EntryPoint\",\"urlTemplate\":\"https:\/\/dualab.sojistudio.com\/?s={search_term_string}\"},\"query-input\":\"required name=search_term_string\"}],\"inLanguage\":\"en-US\"}]}<\/script>\n<!-- \/ Yoast SEO plugin. -->","yoast_head_json":{"title":"Miss\u00e3o - DUA Lab","robots":{"index":"index","follow":"follow","max-snippet":"max-snippet:-1","max-image-preview":"max-image-preview:large","max-video-preview":"max-video-preview:-1"},"canonical":"https:\/\/dualab.sojistudio.com\/en\/missao\/","og_locale":"en_US","og_type":"article","og_title":"Miss\u00e3o - DUA Lab","og_description":"O DUA.lab tem por miss\u00e3o: promover e desenvolver projetos de investiga\u00e7\u00e3o (fundamental ou aplicada); apoiar estudantes de p\u00f3s-gradua\u00e7\u00e3o na prepara\u00e7\u00e3o de disserta\u00e7\u00f5es de mestrado (2.\u00ba ciclo de estudos) e de teses de doutoramento (3.\u00ba ciclo de estudos) enquadrando-os em projetos de investiga\u00e7\u00e3o em curso ou propostos; disseminar, de forma aberta, os resultados obtidos decorrentes das &hellip; Miss\u00e3o Read More &raquo;","og_url":"https:\/\/dualab.sojistudio.com\/en\/missao\/","og_site_name":"DUA Lab","article_modified_time":"2023-09-07T17:16:05+00:00","twitter_card":"summary_large_image","twitter_misc":{"Est. reading time":"1 minute"},"schema":{"@context":"https:\/\/schema.org","@graph":[{"@type":"WebPage","@id":"https:\/\/dualab.sojistudio.com\/missao\/","url":"https:\/\/dualab.sojistudio.com\/missao\/","name":"Miss\u00e3o - DUA Lab","isPartOf":{"@id":"https:\/\/dualab.sojistudio.com\/#website"},"datePublished":"2023-08-15T20:51:04+00:00","dateModified":"2023-09-07T17:16:05+00:00","breadcrumb":{"@id":"https:\/\/dualab.sojistudio.com\/missao\/#breadcrumb"},"inLanguage":"en-US","potentialAction":[{"@type":"ReadAction","target":["https:\/\/dualab.sojistudio.com\/missao\/"]}]},{"@type":"BreadcrumbList","@id":"https:\/\/dualab.sojistudio.com\/missao\/#breadcrumb","itemListElement":[{"@type":"ListItem","position":1,"name":"Home","item":"https:\/\/dualab.sojistudio.com\/"},{"@type":"ListItem","position":2,"name":"Miss\u00e3o"}]},{"@type":"WebSite","@id":"https:\/\/dualab.sojistudio.com\/#website","url":"https:\/\/dualab.sojistudio.com\/","name":"DUA Lab","description":"DUA Lab","potentialAction":[{"@type":"SearchAction","target":{"@type":"EntryPoint","urlTemplate":"https:\/\/dualab.sojistudio.com\/?s={search_term_string}"},"query-input":"required name=search_term_string"}],"inLanguage":"en-US"}]}},"uagb_featured_image_src":{"full":false,"thumbnail":false,"medium":false,"medium_large":false,"large":false,"1536x1536":false,"2048x2048":false,"trp-custom-language-flag":false},"uagb_author_info":{"display_name":"dualab2","author_link":"https:\/\/dualab.sojistudio.com\/en\/author\/dualab2\/"},"uagb_comment_info":0,"uagb_excerpt":"O DUA.lab tem por miss\u00e3o: promover e desenvolver projetos de investiga\u00e7\u00e3o (fundamental ou aplicada); apoiar estudantes de p\u00f3s-gradua\u00e7\u00e3o na prepara\u00e7\u00e3o de disserta\u00e7\u00f5es de mestrado (2.\u00ba ciclo de estudos) e de teses de doutoramento (3.\u00ba ciclo de estudos) enquadrando-os em projetos de investiga\u00e7\u00e3o em curso ou propostos; disseminar, de forma aberta, os resultados obtidos decorrentes das&hellip;","_links":{"self":[{"href":"https:\/\/dualab.sojistudio.com\/en\/wp-json\/wp\/v2\/pages\/2096"}],"collection":[{"href":"https:\/\/dualab.sojistudio.com\/en\/wp-json\/wp\/v2\/pages"}],"about":[{"href":"https:\/\/dualab.sojistudio.com\/en\/wp-json\/wp\/v2\/types\/page"}],"author":[{"embeddable":true,"href":"https:\/\/dualab.sojistudio.com\/en\/wp-json\/wp\/v2\/users\/1"}],"replies":[{"embeddable":true,"href":"https:\/\/dualab.sojistudio.com\/en\/wp-json\/wp\/v2\/comments?post=2096"}],"version-history":[{"count":13,"href":"https:\/\/dualab.sojistudio.com\/en\/wp-json\/wp\/v2\/pages\/2096\/revisions"}],"predecessor-version":[{"id":2284,"href":"https:\/\/dualab.sojistudio.com\/en\/wp-json\/wp\/v2\/pages\/2096\/revisions\/2284"}],"wp:attachment":[{"href":"https:\/\/dualab.sojistudio.com\/en\/wp-json\/wp\/v2\/media?parent=2096"}],"curies":[{"name":"wp","href":"https:\/\/api.w.org\/{rel}","templated":true}]}}