{"id":2189,"date":"2023-08-20T14:45:36","date_gmt":"2023-08-20T14:45:36","guid":{"rendered":"https:\/\/dualab.sojistudio.com\/?page_id=2189"},"modified":"2023-09-07T17:54:34","modified_gmt":"2023-09-07T17:54:34","slug":"parceiros","status":"publish","type":"page","link":"https:\/\/dualab.sojistudio.com\/en\/parceiros\/","title":{"rendered":"Partners"},"content":{"rendered":"<div data-elementor-type=\"wp-page\" data-elementor-id=\"2189\" class=\"elementor elementor-2189\">\n\t\t\t\t\t\t\t\t\t<section class=\"elementor-section elementor-top-section elementor-element elementor-element-5d4b225 elementor-section-boxed elementor-section-height-default elementor-section-height-default\" data-id=\"5d4b225\" data-element_type=\"section\">\n\t\t\t\t\t\t<div class=\"elementor-container elementor-column-gap-default\">\n\t\t\t\t\t<div class=\"elementor-column elementor-col-100 elementor-top-column elementor-element elementor-element-d71805f\" data-id=\"d71805f\" data-element_type=\"column\">\n\t\t\t<div class=\"elementor-widget-wrap\">\n\t\t\t\t\t\t\t\t\t<\/div>\n\t\t<\/div>\n\t\t\t\t\t\t\t<\/div>\n\t\t<\/section>\n\t\t\t\t<section class=\"elementor-section elementor-top-section elementor-element elementor-element-64ef668 elementor-reverse-mobile elementor-section-boxed elementor-section-height-default elementor-section-height-default\" data-id=\"64ef668\" data-element_type=\"section\" data-settings=\"{&quot;background_background&quot;:&quot;classic&quot;}\">\n\t\t\t\t\t\t\t<div class=\"elementor-background-overlay\"><\/div>\n\t\t\t\t\t\t\t<div class=\"elementor-container elementor-column-gap-default\">\n\t\t\t\t\t<div class=\"elementor-column elementor-col-100 elementor-top-column elementor-element elementor-element-699a82d\" data-id=\"699a82d\" data-element_type=\"column\">\n\t\t\t<div class=\"elementor-widget-wrap elementor-element-populated\">\n\t\t\t\t\t\t\t\t<div class=\"elementor-element elementor-element-6e24b8c elementor-widget elementor-widget-heading\" data-id=\"6e24b8c\" data-element_type=\"widget\" data-widget_type=\"heading.default\">\n\t\t\t\t<div class=\"elementor-widget-container\">\n\t\t\t<style>\/*! elementor - v3.15.0 - 09-08-2023 *\/\n.elementor-heading-title{padding:0;margin:0;line-height:1}.elementor-widget-heading .elementor-heading-title[class*=elementor-size-]>a{color:inherit;font-size:inherit;line-height:inherit}.elementor-widget-heading .elementor-heading-title.elementor-size-small{font-size:15px}.elementor-widget-heading .elementor-heading-title.elementor-size-medium{font-size:19px}.elementor-widget-heading .elementor-heading-title.elementor-size-large{font-size:29px}.elementor-widget-heading .elementor-heading-title.elementor-size-xl{font-size:39px}.elementor-widget-heading .elementor-heading-title.elementor-size-xxl{font-size:59px}<\/style><h1 class=\"elementor-heading-title elementor-size-xxl\">Partners<\/h1>\t\t<\/div>\n\t\t\t\t<\/div>\n\t\t\t\t<div class=\"elementor-element elementor-element-d45f911 elementor-widget elementor-widget-text-editor\" data-id=\"d45f911\" data-element_type=\"widget\" data-widget_type=\"text-editor.default\">\n\t\t\t\t<div class=\"elementor-widget-container\">\n\t\t\t<style>\/*! elementor - v3.15.0 - 09-08-2023 *\/\n.elementor-widget-text-editor.elementor-drop-cap-view-stacked .elementor-drop-cap{background-color:#69727d;color:#fff}.elementor-widget-text-editor.elementor-drop-cap-view-framed .elementor-drop-cap{color:#69727d;border:3px solid;background-color:transparent}.elementor-widget-text-editor:not(.elementor-drop-cap-view-default) .elementor-drop-cap{margin-top:8px}.elementor-widget-text-editor:not(.elementor-drop-cap-view-default) .elementor-drop-cap-letter{width:1em;height:1em}.elementor-widget-text-editor .elementor-drop-cap{float:left;text-align:center;line-height:1;font-size:50px}.elementor-widget-text-editor .elementor-drop-cap-letter{display:inline-block}<\/style>\t\t\t\t<p class=\" translation-block\">DUA.lab has a settled of institutional partners, from different areas of knowledge, namely:<\/p>\t\t\t\t\t\t<\/div>\n\t\t\t\t<\/div>\n\t\t\t\t\t<\/div>\n\t\t<\/div>\n\t\t\t\t\t\t\t<\/div>\n\t\t<\/section>\n\t\t\t\t<section class=\"elementor-section elementor-top-section elementor-element elementor-element-ebeef1d elementor-section-height-min-height elementor-section-content-middle elementor-section-boxed elementor-section-height-default elementor-section-items-middle\" data-id=\"ebeef1d\" data-element_type=\"section\" data-settings=\"{&quot;background_background&quot;:&quot;classic&quot;}\">\n\t\t\t\t\t\t<div class=\"elementor-container elementor-column-gap-default\">\n\t\t\t\t\t<div class=\"elementor-column elementor-col-100 elementor-top-column elementor-element elementor-element-78c345b\" data-id=\"78c345b\" data-element_type=\"column\">\n\t\t\t<div class=\"elementor-widget-wrap\">\n\t\t\t\t\t\t\t\t\t<\/div>\n\t\t<\/div>\n\t\t\t\t\t\t\t<\/div>\n\t\t<\/section>\n\t\t\t\t<section class=\"elementor-section elementor-top-section elementor-element elementor-element-419ecd9 elementor-section-boxed elementor-section-height-default elementor-section-height-default\" data-id=\"419ecd9\" data-element_type=\"section\">\n\t\t\t\t\t\t<div class=\"elementor-container elementor-column-gap-default\">\n\t\t\t\t\t<div class=\"elementor-column elementor-col-100 elementor-top-column elementor-element elementor-element-94a715e\" data-id=\"94a715e\" data-element_type=\"column\">\n\t\t\t<div class=\"elementor-widget-wrap elementor-element-populated\">\n\t\t\t\t\t\t\t\t<div class=\"elementor-element elementor-element-87852ef elementor-vertical-align-middle elementor-widget elementor-widget-image-box\" data-id=\"87852ef\" data-element_type=\"widget\" data-widget_type=\"image-box.default\">\n\t\t\t\t<div class=\"elementor-widget-container\">\n\t\t\t<style>\/*! elementor - v3.15.0 - 09-08-2023 *\/\n.elementor-widget-image-box .elementor-image-box-content{width:100%}@media (min-width:768px){.elementor-widget-image-box.elementor-position-left .elementor-image-box-wrapper,.elementor-widget-image-box.elementor-position-right .elementor-image-box-wrapper{display:flex}.elementor-widget-image-box.elementor-position-right .elementor-image-box-wrapper{text-align:right;flex-direction:row-reverse}.elementor-widget-image-box.elementor-position-left .elementor-image-box-wrapper{text-align:left;flex-direction:row}.elementor-widget-image-box.elementor-position-top .elementor-image-box-img{margin:auto}.elementor-widget-image-box.elementor-vertical-align-top .elementor-image-box-wrapper{align-items:flex-start}.elementor-widget-image-box.elementor-vertical-align-middle .elementor-image-box-wrapper{align-items:center}.elementor-widget-image-box.elementor-vertical-align-bottom .elementor-image-box-wrapper{align-items:flex-end}}@media (max-width:767px){.elementor-widget-image-box .elementor-image-box-img{margin-left:auto!important;margin-right:auto!important;margin-bottom:15px}}.elementor-widget-image-box .elementor-image-box-img{display:inline-block}.elementor-widget-image-box .elementor-image-box-title a{color:inherit}.elementor-widget-image-box .elementor-image-box-wrapper{text-align:center}.elementor-widget-image-box .elementor-image-box-description{margin:0}<\/style><div class=\"elementor-image-box-wrapper\"><div class=\"elementor-image-box-content\"><h3 class=\"elementor-image-box-title\">Centro de Recursos Naturais e Ambiente (CERENA)<\/h3><\/div><\/div>\t\t<\/div>\n\t\t\t\t<\/div>\n\t\t\t\t<div class=\"elementor-element elementor-element-a0964fc elementor-vertical-align-middle elementor-widget elementor-widget-image-box\" data-id=\"a0964fc\" data-element_type=\"widget\" data-widget_type=\"image-box.default\">\n\t\t\t\t<div class=\"elementor-widget-container\">\n\t\t\t<div class=\"elementor-image-box-wrapper\"><div class=\"elementor-image-box-content\"><h3 class=\"elementor-image-box-title\">Design Computation Group (DCG)<\/h3><\/div><\/div>\t\t<\/div>\n\t\t\t\t<\/div>\n\t\t\t\t<div class=\"elementor-element elementor-element-f559761 elementor-vertical-align-middle elementor-widget elementor-widget-image-box\" data-id=\"f559761\" data-element_type=\"widget\" data-widget_type=\"image-box.default\">\n\t\t\t\t<div class=\"elementor-widget-container\">\n\t\t\t<div class=\"elementor-image-box-wrapper\"><div class=\"elementor-image-box-content\"><h3 class=\"elementor-image-box-title\">DOMVS - Laborat\u00f3rio de Investiga\u00e7\u00e3o em Arquitetura e Urbanismo (UFJF)<\/h3><\/div><\/div>\t\t<\/div>\n\t\t\t\t<\/div>\n\t\t\t\t<div class=\"elementor-element elementor-element-798e81f elementor-vertical-align-middle elementor-widget elementor-widget-image-box\" data-id=\"798e81f\" data-element_type=\"widget\" data-widget_type=\"image-box.default\">\n\t\t\t\t<div class=\"elementor-widget-container\">\n\t\t\t<div class=\"elementor-image-box-wrapper\"><div class=\"elementor-image-box-content\"><h3 class=\"elementor-image-box-title\">Bio&amp;Energia - Grupo de Pesquisa, Ensino e Extens\u00e3o<\/h3><\/div><\/div>\t\t<\/div>\n\t\t\t\t<\/div>\n\t\t\t\t<div class=\"elementor-element elementor-element-f7d1a65 elementor-vertical-align-middle elementor-widget elementor-widget-image-box\" data-id=\"f7d1a65\" data-element_type=\"widget\" data-widget_type=\"image-box.default\">\n\t\t\t\t<div class=\"elementor-widget-container\">\n\t\t\t<div class=\"elementor-image-box-wrapper\"><div class=\"elementor-image-box-content\"><h3 class=\"elementor-image-box-title\">Tarahan Parseh Research Institute - I. R. of Iran<\/h3><\/div><\/div>\t\t<\/div>\n\t\t\t\t<\/div>\n\t\t\t\t<div class=\"elementor-element elementor-element-1b15e2b elementor-vertical-align-middle elementor-widget elementor-widget-image-box\" data-id=\"1b15e2b\" data-element_type=\"widget\" data-widget_type=\"image-box.default\">\n\t\t\t\t<div class=\"elementor-widget-container\">\n\t\t\t<div class=\"elementor-image-box-wrapper\"><div class=\"elementor-image-box-content\"><h3 class=\"elementor-image-box-title\">Research Institute for Humanities and Social Studies of ACECR - Iranian Academic Center for Education, Culture and Research<\/h3><\/div><\/div>\t\t<\/div>\n\t\t\t\t<\/div>\n\t\t\t\t\t<\/div>\n\t\t<\/div>\n\t\t\t\t\t\t\t<\/div>\n\t\t<\/section>\n\t\t\t\t\t\t\t<\/div>","protected":false},"excerpt":{"rendered":"<p>Parceiros O DUA.lab tem como um conjunto de parceiros institucionais, de diversas \u00e1reas do conhecimento,nomeadamente: Centro de Recursos Naturais e Ambiente (CERENA) Design Computation Group (DCG) DOMVS &#8211; Laborat\u00f3rio de Investiga\u00e7\u00e3o em Arquitetura e Urbanismo (UFJF) Bio&amp;Energia &#8211; Grupo de Pesquisa, Ensino e Extens\u00e3o Tarahan Parseh Research Institute &#8211; I. R. of Iran Research Institute &hellip;<\/p>\n<p class=\"read-more\"> <a class=\"\" href=\"https:\/\/dualab.sojistudio.com\/en\/parceiros\/\"> <span class=\"screen-reader-text\">Partners<\/span> Read More &raquo;<\/a><\/p>","protected":false},"author":1,"featured_media":0,"parent":0,"menu_order":0,"comment_status":"closed","ping_status":"closed","template":"","meta":{"_acf_changed":false,"_uag_custom_page_level_css":"","site-sidebar-layout":"no-sidebar","site-content-layout":"page-builder","ast-global-header-display":"","ast-main-header-display":"","ast-hfb-above-header-display":"","ast-hfb-below-header-display":"","ast-hfb-mobile-header-display":"","site-post-title":"disabled","ast-breadcrumbs-content":"","ast-featured-img":"disabled","footer-sml-layout":"","theme-transparent-header-meta":"","adv-header-id-meta":"","stick-header-meta":"","header-above-stick-meta":"","header-main-stick-meta":"","header-below-stick-meta":"","footnotes":""},"acf":[],"yoast_head":"<!-- This site is optimized with the Yoast SEO plugin v22.0 - https:\/\/yoast.com\/wordpress\/plugins\/seo\/ -->\n<title>Parceiros - DUA Lab<\/title>\n<meta name=\"robots\" content=\"index, follow, max-snippet:-1, max-image-preview:large, max-video-preview:-1\" \/>\n<link rel=\"canonical\" href=\"https:\/\/dualab.sojistudio.com\/en\/parceiros\/\" \/>\n<meta property=\"og:locale\" content=\"en_US\" \/>\n<meta property=\"og:type\" content=\"article\" \/>\n<meta property=\"og:title\" content=\"Parceiros - DUA Lab\" \/>\n<meta property=\"og:description\" content=\"Parceiros O DUA.lab tem como um conjunto de parceiros institucionais, de diversas \u00e1reas do conhecimento,nomeadamente: Centro de Recursos Naturais e Ambiente (CERENA) Design Computation Group (DCG) DOMVS &#8211; Laborat\u00f3rio de Investiga\u00e7\u00e3o em Arquitetura e Urbanismo (UFJF) Bio&amp;Energia &#8211; Grupo de Pesquisa, Ensino e Extens\u00e3o Tarahan Parseh Research Institute &#8211; I. R. of Iran Research Institute &hellip; Parceiros Read More &raquo;\" \/>\n<meta property=\"og:url\" content=\"https:\/\/dualab.sojistudio.com\/en\/parceiros\/\" \/>\n<meta property=\"og:site_name\" content=\"DUA Lab\" \/>\n<meta property=\"article:modified_time\" content=\"2023-09-07T17:54:34+00:00\" \/>\n<meta name=\"twitter:card\" content=\"summary_large_image\" \/>\n<script type=\"application\/ld+json\" class=\"yoast-schema-graph\">{\"@context\":\"https:\/\/schema.org\",\"@graph\":[{\"@type\":\"WebPage\",\"@id\":\"https:\/\/dualab.sojistudio.com\/parceiros\/\",\"url\":\"https:\/\/dualab.sojistudio.com\/parceiros\/\",\"name\":\"Parceiros - DUA Lab\",\"isPartOf\":{\"@id\":\"https:\/\/dualab.sojistudio.com\/#website\"},\"datePublished\":\"2023-08-20T14:45:36+00:00\",\"dateModified\":\"2023-09-07T17:54:34+00:00\",\"breadcrumb\":{\"@id\":\"https:\/\/dualab.sojistudio.com\/parceiros\/#breadcrumb\"},\"inLanguage\":\"en-US\",\"potentialAction\":[{\"@type\":\"ReadAction\",\"target\":[\"https:\/\/dualab.sojistudio.com\/parceiros\/\"]}]},{\"@type\":\"BreadcrumbList\",\"@id\":\"https:\/\/dualab.sojistudio.com\/parceiros\/#breadcrumb\",\"itemListElement\":[{\"@type\":\"ListItem\",\"position\":1,\"name\":\"Home\",\"item\":\"https:\/\/dualab.sojistudio.com\/\"},{\"@type\":\"ListItem\",\"position\":2,\"name\":\"Parceiros\"}]},{\"@type\":\"WebSite\",\"@id\":\"https:\/\/dualab.sojistudio.com\/#website\",\"url\":\"https:\/\/dualab.sojistudio.com\/\",\"name\":\"DUA Lab\",\"description\":\"DUA Lab\",\"potentialAction\":[{\"@type\":\"SearchAction\",\"target\":{\"@type\":\"EntryPoint\",\"urlTemplate\":\"https:\/\/dualab.sojistudio.com\/?s={search_term_string}\"},\"query-input\":\"required name=search_term_string\"}],\"inLanguage\":\"en-US\"}]}<\/script>\n<!-- \/ Yoast SEO plugin. -->","yoast_head_json":{"title":"Parceiros - DUA Lab","robots":{"index":"index","follow":"follow","max-snippet":"max-snippet:-1","max-image-preview":"max-image-preview:large","max-video-preview":"max-video-preview:-1"},"canonical":"https:\/\/dualab.sojistudio.com\/en\/parceiros\/","og_locale":"en_US","og_type":"article","og_title":"Parceiros - DUA Lab","og_description":"Parceiros O DUA.lab tem como um conjunto de parceiros institucionais, de diversas \u00e1reas do conhecimento,nomeadamente: Centro de Recursos Naturais e Ambiente (CERENA) Design Computation Group (DCG) DOMVS &#8211; Laborat\u00f3rio de Investiga\u00e7\u00e3o em Arquitetura e Urbanismo (UFJF) Bio&amp;Energia &#8211; Grupo de Pesquisa, Ensino e Extens\u00e3o Tarahan Parseh Research Institute &#8211; I. R. of Iran Research Institute &hellip; Parceiros Read More &raquo;","og_url":"https:\/\/dualab.sojistudio.com\/en\/parceiros\/","og_site_name":"DUA Lab","article_modified_time":"2023-09-07T17:54:34+00:00","twitter_card":"summary_large_image","schema":{"@context":"https:\/\/schema.org","@graph":[{"@type":"WebPage","@id":"https:\/\/dualab.sojistudio.com\/parceiros\/","url":"https:\/\/dualab.sojistudio.com\/parceiros\/","name":"Parceiros - DUA Lab","isPartOf":{"@id":"https:\/\/dualab.sojistudio.com\/#website"},"datePublished":"2023-08-20T14:45:36+00:00","dateModified":"2023-09-07T17:54:34+00:00","breadcrumb":{"@id":"https:\/\/dualab.sojistudio.com\/parceiros\/#breadcrumb"},"inLanguage":"en-US","potentialAction":[{"@type":"ReadAction","target":["https:\/\/dualab.sojistudio.com\/parceiros\/"]}]},{"@type":"BreadcrumbList","@id":"https:\/\/dualab.sojistudio.com\/parceiros\/#breadcrumb","itemListElement":[{"@type":"ListItem","position":1,"name":"Home","item":"https:\/\/dualab.sojistudio.com\/"},{"@type":"ListItem","position":2,"name":"Parceiros"}]},{"@type":"WebSite","@id":"https:\/\/dualab.sojistudio.com\/#website","url":"https:\/\/dualab.sojistudio.com\/","name":"DUA Lab","description":"DUA Lab","potentialAction":[{"@type":"SearchAction","target":{"@type":"EntryPoint","urlTemplate":"https:\/\/dualab.sojistudio.com\/?s={search_term_string}"},"query-input":"required name=search_term_string"}],"inLanguage":"en-US"}]}},"uagb_featured_image_src":{"full":false,"thumbnail":false,"medium":false,"medium_large":false,"large":false,"1536x1536":false,"2048x2048":false,"trp-custom-language-flag":false},"uagb_author_info":{"display_name":"dualab2","author_link":"https:\/\/dualab.sojistudio.com\/en\/author\/dualab2\/"},"uagb_comment_info":0,"uagb_excerpt":"Parceiros O DUA.lab tem como um conjunto de parceiros institucionais, de diversas \u00e1reas do conhecimento,nomeadamente: Centro de Recursos Naturais e Ambiente (CERENA) Design Computation Group (DCG) DOMVS &#8211; Laborat\u00f3rio de Investiga\u00e7\u00e3o em Arquitetura e Urbanismo (UFJF) Bio&amp;Energia &#8211; Grupo de Pesquisa, Ensino e Extens\u00e3o Tarahan Parseh Research Institute &#8211; I. R. of Iran Research Institute&hellip;","_links":{"self":[{"href":"https:\/\/dualab.sojistudio.com\/en\/wp-json\/wp\/v2\/pages\/2189"}],"collection":[{"href":"https:\/\/dualab.sojistudio.com\/en\/wp-json\/wp\/v2\/pages"}],"about":[{"href":"https:\/\/dualab.sojistudio.com\/en\/wp-json\/wp\/v2\/types\/page"}],"author":[{"embeddable":true,"href":"https:\/\/dualab.sojistudio.com\/en\/wp-json\/wp\/v2\/users\/1"}],"replies":[{"embeddable":true,"href":"https:\/\/dualab.sojistudio.com\/en\/wp-json\/wp\/v2\/comments?post=2189"}],"version-history":[{"count":28,"href":"https:\/\/dualab.sojistudio.com\/en\/wp-json\/wp\/v2\/pages\/2189\/revisions"}],"predecessor-version":[{"id":2344,"href":"https:\/\/dualab.sojistudio.com\/en\/wp-json\/wp\/v2\/pages\/2189\/revisions\/2344"}],"wp:attachment":[{"href":"https:\/\/dualab.sojistudio.com\/en\/wp-json\/wp\/v2\/media?parent=2189"}],"curies":[{"name":"wp","href":"https:\/\/api.w.org\/{rel}","templated":true}]}}