{"id":576,"date":"2022-03-21T07:21:11","date_gmt":"2022-03-21T07:21:11","guid":{"rendered":"https:\/\/dualab.sojistudio.com\/home\/"},"modified":"2023-09-07T20:07:47","modified_gmt":"2023-09-07T20:07:47","slug":"home","status":"publish","type":"page","link":"https:\/\/dualab.sojistudio.com\/en\/","title":{"rendered":"Home"},"content":{"rendered":"<div data-elementor-type=\"wp-page\" data-elementor-id=\"576\" class=\"elementor elementor-576\">\n\t\t\t\t\t\t\t\t\t<section class=\"elementor-section elementor-top-section elementor-element elementor-element-5yxov0t elementor-section-boxed elementor-section-height-default elementor-section-height-default\" data-id=\"5yxov0t\" data-element_type=\"section\" data-settings=\"{&quot;background_background&quot;:&quot;classic&quot;}\">\n\t\t\t\t\t\t\t<div class=\"elementor-background-overlay\"><\/div>\n\t\t\t\t\t\t\t<div class=\"elementor-container elementor-column-gap-no\">\n\t\t\t\t\t<div class=\"elementor-column elementor-col-100 elementor-top-column elementor-element elementor-element-4352dd5\" data-id=\"4352dd5\" data-element_type=\"column\">\n\t\t\t<div class=\"elementor-widget-wrap elementor-element-populated\">\n\t\t\t\t\t\t\t\t<div class=\"elementor-element elementor-element-f514188 elementor-widget__width-initial elementor-widget elementor-widget-heading\" data-id=\"f514188\" data-element_type=\"widget\" data-widget_type=\"heading.default\">\n\t\t\t\t<div class=\"elementor-widget-container\">\n\t\t\t<style>\/*! elementor - v3.15.0 - 09-08-2023 *\/\n.elementor-heading-title{padding:0;margin:0;line-height:1}.elementor-widget-heading .elementor-heading-title[class*=elementor-size-]>a{color:inherit;font-size:inherit;line-height:inherit}.elementor-widget-heading .elementor-heading-title.elementor-size-small{font-size:15px}.elementor-widget-heading .elementor-heading-title.elementor-size-medium{font-size:19px}.elementor-widget-heading .elementor-heading-title.elementor-size-large{font-size:29px}.elementor-widget-heading .elementor-heading-title.elementor-size-xl{font-size:39px}.elementor-widget-heading .elementor-heading-title.elementor-size-xxl{font-size:59px}<\/style><h1 class=\"elementor-heading-title elementor-size-default\">Grupo de Din\u00e2micas Urbanas e Ambientais [DUA.lab]<\/h1>\t\t<\/div>\n\t\t\t\t<\/div>\n\t\t\t\t<div class=\"elementor-element elementor-element-2281324 elementor-widget elementor-widget-text-editor\" data-id=\"2281324\" data-element_type=\"widget\" data-widget_type=\"text-editor.default\">\n\t\t\t\t<div class=\"elementor-widget-container\">\n\t\t\t<style>\/*! elementor - v3.15.0 - 09-08-2023 *\/\n.elementor-widget-text-editor.elementor-drop-cap-view-stacked .elementor-drop-cap{background-color:#69727d;color:#fff}.elementor-widget-text-editor.elementor-drop-cap-view-framed .elementor-drop-cap{color:#69727d;border:3px solid;background-color:transparent}.elementor-widget-text-editor:not(.elementor-drop-cap-view-default) .elementor-drop-cap{margin-top:8px}.elementor-widget-text-editor:not(.elementor-drop-cap-view-default) .elementor-drop-cap-letter{width:1em;height:1em}.elementor-widget-text-editor .elementor-drop-cap{float:left;text-align:center;line-height:1;font-size:50px}.elementor-widget-text-editor .elementor-drop-cap-letter{display:inline-block}<\/style>\t\t\t\t<p class=\" translation-block\">The Din\u00e2micas Urbanas e Ambientais (Urban and Environmental Dynamics) Group [DUA.lab] is a multidisciplinary team that includes researchers from the Center for Research in Architecture, Urbanism and Design (CIAUD), the Center for Natural Resources and the Environment (CERENA) of the University of Lisbon (ULisboa), researchers from foreign universities, PhD and MSc students from the Lisbon School of Architecture.<\/p>\t\t\t\t\t\t<\/div>\n\t\t\t\t<\/div>\n\t\t\t\t\t<\/div>\n\t\t<\/div>\n\t\t\t\t\t\t\t<\/div>\n\t\t<\/section>\n\t\t\t\t\t\t\t<\/div>","protected":false},"excerpt":{"rendered":"<p>Grupo de Din\u00e2micas Urbanas e Ambientais [DUA.lab] O Grupo de Din\u00e2micas Urbanas e Ambientais [DUA.lab], \u00e9 constitu\u00eddo por uma equipa pluridisciplinar que integra investigadores do Centro de Investiga\u00e7\u00e3o em Arquitetura, Urbanismo e Design (CIAUD), do Centro de Recursos Naturais e Ambiente (CERENA) da Universidade de Lisboa (ULisboa), investigadores de universidades estrangeiras, alunos de doutoramento e &hellip;<\/p>\n<p class=\"read-more\"> <a class=\"\" href=\"https:\/\/dualab.sojistudio.com\/en\/\"> <span class=\"screen-reader-text\">Home<\/span> Read More &raquo;<\/a><\/p>","protected":false},"author":1,"featured_media":0,"parent":0,"menu_order":0,"comment_status":"closed","ping_status":"closed","template":"","meta":{"_acf_changed":false,"_uag_custom_page_level_css":"","site-sidebar-layout":"no-sidebar","site-content-layout":"page-builder","ast-global-header-display":"","ast-main-header-display":"","ast-hfb-above-header-display":"","ast-hfb-below-header-display":"","ast-hfb-mobile-header-display":"","site-post-title":"disabled","ast-breadcrumbs-content":"","ast-featured-img":"disabled","footer-sml-layout":"","theme-transparent-header-meta":"","adv-header-id-meta":"","stick-header-meta":"","header-above-stick-meta":"","header-main-stick-meta":"","header-below-stick-meta":"","footnotes":""},"acf":[],"yoast_head":"<!-- This site is optimized with the Yoast SEO plugin v22.0 - https:\/\/yoast.com\/wordpress\/plugins\/seo\/ -->\n<title>Home - DUA Lab<\/title>\n<meta name=\"robots\" content=\"index, follow, max-snippet:-1, max-image-preview:large, max-video-preview:-1\" \/>\n<link rel=\"canonical\" href=\"https:\/\/dualab.sojistudio.com\/en\/\" \/>\n<meta property=\"og:locale\" content=\"en_US\" \/>\n<meta property=\"og:type\" content=\"article\" \/>\n<meta property=\"og:title\" content=\"Home - DUA Lab\" \/>\n<meta property=\"og:description\" content=\"Grupo de Din\u00e2micas Urbanas e Ambientais [DUA.lab] O Grupo de Din\u00e2micas Urbanas e Ambientais [DUA.lab], \u00e9 constitu\u00eddo por uma equipa pluridisciplinar que integra investigadores do Centro de Investiga\u00e7\u00e3o em Arquitetura, Urbanismo e Design (CIAUD), do Centro de Recursos Naturais e Ambiente (CERENA) da Universidade de Lisboa (ULisboa), investigadores de universidades estrangeiras, alunos de doutoramento e &hellip; Home Read More &raquo;\" \/>\n<meta property=\"og:url\" content=\"https:\/\/dualab.sojistudio.com\/en\/\" \/>\n<meta property=\"og:site_name\" content=\"DUA Lab\" \/>\n<meta property=\"article:modified_time\" content=\"2023-09-07T20:07:47+00:00\" \/>\n<meta name=\"twitter:card\" content=\"summary_large_image\" \/>\n<meta name=\"twitter:label1\" content=\"Est. reading time\" \/>\n\t<meta name=\"twitter:data1\" content=\"2 minutes\" \/>\n<script type=\"application\/ld+json\" class=\"yoast-schema-graph\">{\"@context\":\"https:\/\/schema.org\",\"@graph\":[{\"@type\":\"WebPage\",\"@id\":\"https:\/\/dualab.sojistudio.com\/\",\"url\":\"https:\/\/dualab.sojistudio.com\/\",\"name\":\"Home - DUA Lab\",\"isPartOf\":{\"@id\":\"https:\/\/dualab.sojistudio.com\/#website\"},\"datePublished\":\"2022-03-21T07:21:11+00:00\",\"dateModified\":\"2023-09-07T20:07:47+00:00\",\"breadcrumb\":{\"@id\":\"https:\/\/dualab.sojistudio.com\/#breadcrumb\"},\"inLanguage\":\"en-US\",\"potentialAction\":[{\"@type\":\"ReadAction\",\"target\":[\"https:\/\/dualab.sojistudio.com\/\"]}]},{\"@type\":\"BreadcrumbList\",\"@id\":\"https:\/\/dualab.sojistudio.com\/#breadcrumb\",\"itemListElement\":[{\"@type\":\"ListItem\",\"position\":1,\"name\":\"Home\",\"item\":\"https:\/\/dualab.sojistudio.com\/\"},{\"@type\":\"ListItem\",\"position\":2,\"name\":\"Home\"}]},{\"@type\":\"WebSite\",\"@id\":\"https:\/\/dualab.sojistudio.com\/#website\",\"url\":\"https:\/\/dualab.sojistudio.com\/\",\"name\":\"DUA Lab\",\"description\":\"DUA Lab\",\"potentialAction\":[{\"@type\":\"SearchAction\",\"target\":{\"@type\":\"EntryPoint\",\"urlTemplate\":\"https:\/\/dualab.sojistudio.com\/?s={search_term_string}\"},\"query-input\":\"required name=search_term_string\"}],\"inLanguage\":\"en-US\"}]}<\/script>\n<!-- \/ Yoast SEO plugin. -->","yoast_head_json":{"title":"Home - DUA Lab","robots":{"index":"index","follow":"follow","max-snippet":"max-snippet:-1","max-image-preview":"max-image-preview:large","max-video-preview":"max-video-preview:-1"},"canonical":"https:\/\/dualab.sojistudio.com\/en\/","og_locale":"en_US","og_type":"article","og_title":"Home - DUA Lab","og_description":"Grupo de Din\u00e2micas Urbanas e Ambientais [DUA.lab] O Grupo de Din\u00e2micas Urbanas e Ambientais [DUA.lab], \u00e9 constitu\u00eddo por uma equipa pluridisciplinar que integra investigadores do Centro de Investiga\u00e7\u00e3o em Arquitetura, Urbanismo e Design (CIAUD), do Centro de Recursos Naturais e Ambiente (CERENA) da Universidade de Lisboa (ULisboa), investigadores de universidades estrangeiras, alunos de doutoramento e &hellip; Home Read More &raquo;","og_url":"https:\/\/dualab.sojistudio.com\/en\/","og_site_name":"DUA Lab","article_modified_time":"2023-09-07T20:07:47+00:00","twitter_card":"summary_large_image","twitter_misc":{"Est. reading time":"2 minutes"},"schema":{"@context":"https:\/\/schema.org","@graph":[{"@type":"WebPage","@id":"https:\/\/dualab.sojistudio.com\/","url":"https:\/\/dualab.sojistudio.com\/","name":"Home - DUA Lab","isPartOf":{"@id":"https:\/\/dualab.sojistudio.com\/#website"},"datePublished":"2022-03-21T07:21:11+00:00","dateModified":"2023-09-07T20:07:47+00:00","breadcrumb":{"@id":"https:\/\/dualab.sojistudio.com\/#breadcrumb"},"inLanguage":"en-US","potentialAction":[{"@type":"ReadAction","target":["https:\/\/dualab.sojistudio.com\/"]}]},{"@type":"BreadcrumbList","@id":"https:\/\/dualab.sojistudio.com\/#breadcrumb","itemListElement":[{"@type":"ListItem","position":1,"name":"Home","item":"https:\/\/dualab.sojistudio.com\/"},{"@type":"ListItem","position":2,"name":"Home"}]},{"@type":"WebSite","@id":"https:\/\/dualab.sojistudio.com\/#website","url":"https:\/\/dualab.sojistudio.com\/","name":"DUA Lab","description":"DUA Lab","potentialAction":[{"@type":"SearchAction","target":{"@type":"EntryPoint","urlTemplate":"https:\/\/dualab.sojistudio.com\/?s={search_term_string}"},"query-input":"required name=search_term_string"}],"inLanguage":"en-US"}]}},"uagb_featured_image_src":{"full":false,"thumbnail":false,"medium":false,"medium_large":false,"large":false,"1536x1536":false,"2048x2048":false,"trp-custom-language-flag":false},"uagb_author_info":{"display_name":"dualab2","author_link":"https:\/\/dualab.sojistudio.com\/en\/author\/dualab2\/"},"uagb_comment_info":0,"uagb_excerpt":"Grupo de Din\u00e2micas Urbanas e Ambientais [DUA.lab] O Grupo de Din\u00e2micas Urbanas e Ambientais [DUA.lab], \u00e9 constitu\u00eddo por uma equipa pluridisciplinar que integra investigadores do Centro de Investiga\u00e7\u00e3o em Arquitetura, Urbanismo e Design (CIAUD), do Centro de Recursos Naturais e Ambiente (CERENA) da Universidade de Lisboa (ULisboa), investigadores de universidades estrangeiras, alunos de doutoramento e&hellip;","_links":{"self":[{"href":"https:\/\/dualab.sojistudio.com\/en\/wp-json\/wp\/v2\/pages\/576"}],"collection":[{"href":"https:\/\/dualab.sojistudio.com\/en\/wp-json\/wp\/v2\/pages"}],"about":[{"href":"https:\/\/dualab.sojistudio.com\/en\/wp-json\/wp\/v2\/types\/page"}],"author":[{"embeddable":true,"href":"https:\/\/dualab.sojistudio.com\/en\/wp-json\/wp\/v2\/users\/1"}],"replies":[{"embeddable":true,"href":"https:\/\/dualab.sojistudio.com\/en\/wp-json\/wp\/v2\/comments?post=576"}],"version-history":[{"count":180,"href":"https:\/\/dualab.sojistudio.com\/en\/wp-json\/wp\/v2\/pages\/576\/revisions"}],"predecessor-version":[{"id":2391,"href":"https:\/\/dualab.sojistudio.com\/en\/wp-json\/wp\/v2\/pages\/576\/revisions\/2391"}],"wp:attachment":[{"href":"https:\/\/dualab.sojistudio.com\/en\/wp-json\/wp\/v2\/media?parent=576"}],"curies":[{"name":"wp","href":"https:\/\/api.w.org\/{rel}","templated":true}]}}